{"id":214,"date":"2012-09-12T22:08:12","date_gmt":"2012-09-12T21:08:12","guid":{"rendered":"http:\/\/doctiposportugues.com\/wordpress\/?page_id=214"},"modified":"2020-10-14T11:39:05","modified_gmt":"2020-10-14T10:39:05","slug":"trailer","status":"publish","type":"page","link":"https:\/\/doctiposportugues.com\/?page_id=214","title":{"rendered":"TRAILER"},"content":{"rendered":"<p>Trailer do DocTipos, um document\u00e1rio sobre Desenho Tipogr\u00e1fico Portugu\u00eas.<\/p>\n<p><iframe title=\"DocTipos - Trailer oficial do document\u00e1rio\" width=\"940\" height=\"529\" src=\"https:\/\/www.youtube.com\/embed\/SJVuAO33Axw?feature=oembed\" frameborder=\"0\" allow=\"accelerometer; autoplay; clipboard-write; encrypted-media; gyroscope; picture-in-picture\" allowfullscreen><\/iframe><\/p>\n<p><\/p>\n\n","protected":false},"excerpt":{"rendered":"<p>Trailer do DocTipos, um document\u00e1rio sobre Desenho Tipogr\u00e1fico Portugu\u00eas.<\/p>\n","protected":false},"author":1,"featured_media":0,"parent":0,"menu_order":2,"comment_status":"closed","ping_status":"closed","template":"","meta":[],"_links":{"self":[{"href":"https:\/\/doctiposportugues.com\/index.php?rest_route=\/wp\/v2\/pages\/214"}],"collection":[{"href":"https:\/\/doctiposportugues.com\/index.php?rest_route=\/wp\/v2\/pages"}],"about":[{"href":"https:\/\/doctiposportugues.com\/index.php?rest_route=\/wp\/v2\/types\/page"}],"author":[{"embeddable":true,"href":"https:\/\/doctiposportugues.com\/index.php?rest_route=\/wp\/v2\/users\/1"}],"replies":[{"embeddable":true,"href":"https:\/\/doctiposportugues.com\/index.php?rest_route=%2Fwp%2Fv2%2Fcomments&post=214"}],"version-history":[{"count":49,"href":"https:\/\/doctiposportugues.com\/index.php?rest_route=\/wp\/v2\/pages\/214\/revisions"}],"predecessor-version":[{"id":1673,"href":"https:\/\/doctiposportugues.com\/index.php?rest_route=\/wp\/v2\/pages\/214\/revisions\/1673"}],"wp:attachment":[{"href":"https:\/\/doctiposportugues.com\/index.php?rest_route=%2Fwp%2Fv2%2Fmedia&parent=214"}],"curies":[{"name":"wp","href":"https:\/\/api.w.org\/{rel}","templated":true}]}}