{"id":5,"date":"2012-05-24T21:17:11","date_gmt":"2012-05-24T20:17:11","guid":{"rendered":"http:\/\/doctiposportugues.com\/wordpress\/?page_id=5"},"modified":"2013-07-31T12:08:22","modified_gmt":"2013-07-31T11:08:22","slug":"about-2","status":"publish","type":"page","link":"https:\/\/doctiposportugues.com\/?page_id=5","title":{"rendered":"O PROJETO"},"content":{"rendered":"<p><a rel=\"attachment wp-att-1170\" href=\"http:\/\/doctiposportugues.com\/?attachment_id=1170\"><img loading=\"lazy\" class=\"size-full wp-image-1170 aligncenter\" title=\"projecto_02\" src=\"http:\/\/doctiposportugues.com\/temp\/2012\/05\/projecto_02.jpg\" alt=\"projecto - imagem das filmagens\" width=\"669\" height=\"198\" srcset=\"https:\/\/doctiposportugues.com\/temp\/2012\/05\/projecto_02.jpg 669w, https:\/\/doctiposportugues.com\/temp\/2012\/05\/projecto_02-300x88.jpg 300w, https:\/\/doctiposportugues.com\/temp\/2012\/05\/projecto_02-600x177.jpg 600w\" sizes=\"(max-width: 669px) 100vw, 669px\" \/><\/a><br \/>\nO DocTipos \u00e9 um document\u00e1rio que tem como objetivo retratar, sem se assumir como um relato hist\u00f3rico, a evolu\u00e7\u00e3o mais recente do desenho tipogr\u00e1fico portugu\u00eas. O document\u00e1rio assenta em entrevistas a diferentes intervenientes com um conhecimento da realidade em ambiente profissional.<\/p>\n<p>Pretende-se que o espetador estabele\u00e7a uma maior liga\u00e7\u00e3o com os factos do quotidiano atrav\u00e9s das narrativas pessoais de cada entrevistado. Procura-se que os factos sejam apresentados de forma rigorosa de modo a mostrar com clareza a realidade que se pretende documentar mas, ao mesmo tempo, o relato \u00e9 apresentado de modo bastante flu\u00eddo e amplo. Isto porque, \u00e9 concedida uma grande liberdade de resposta e de condu\u00e7\u00e3o do percurso ao entrevistado.<\/p>\n<p>O document\u00e1rio DocTipos \u00e9 um projeto sem qualquer financiamento e cujos custos s\u00e3o suportados integralmente pelos seus autores. Todas as colabora\u00e7\u00f5es diretas ou indiretas no projeto foram feitas de forma graciosa. A todos eles o nosso muito obrigado.<\/p>\n<hr size=\"1\" \/>\n<h4><strong>PRODU\u00c7\u00c3O E REALIZA\u00c7\u00c3O<\/strong><\/h4>\n<p>Ant\u00f3nio Fonseca<br \/>\nJ\u00falio Costa Pinto<\/p>\n<hr size=\"1\" \/>\n<h4><strong>CAPTURA DE V\u00cdDEO E \u00c1UDIO<\/strong><\/h4>\n<p>Lu\u00eds Pedro Cardoso &#8211; Cimbalino Filmes<\/p>\n<hr size=\"1\" \/>\n<h4><strong>PARTICIPAM<\/strong><\/h4>\n<h3>Dino dos Santos<\/h3>\n<div class=\"bio\">\n<p><img loading=\"lazy\" title=\"Dino_cut\" src=\"http:\/\/doctiposportugues.com\/temp\/2012\/05\/Dino_cut.jpg\" alt=\"\" width=\"96px\" height=\"118px\" \/><\/p>\n<p>Dino dos Santos \u00e9 o fundador da DSType. Licenciado em Design de Comunica\u00e7\u00e3o pela ESAD &#8211; Matosinhos e Mestre em Arte Multim\u00e9dia pela Faculdade de Belas Artes da Universidade do Porto. Desenhou tipografias para diversas entidades como a Newsweek, New York Times Magazine, Le Figaro, La Tercera, La Voz de Galicia, Electronic Arts, entre muitos outros. Foi galardoado com o Certificate of Excellence in Type Design, atribuido pelo Type Directors Club of New York e o Creative Review Type Design Awards.<br \/>\nDesenhou diversos tipos de letra internacionalmente premiados, tais como os tipos Acta, Andrade, Estilo, Glosa, Leitura e Ventura. O trabalho da DSType encontra-se referenciado no Klingspor Museum de Offenbach na Alemanha.<\/p>\n<\/div>\n<h3>Hugo d&#8217;Alte<\/h3>\n<div class=\"bio\">\n<p><img loading=\"lazy\" title=\"hugo_cut\" src=\"http:\/\/doctiposportugues.com\/temp\/2012\/05\/hugo_cut.jpg\" alt=\"\" width=\"96px\" height=\"118px\" \/><\/p>\n<p>Hugo d&#8217;Alte estudou na ESAD de Matosinhos onde concluiu o curso de Design de Comunica\u00e7\u00e3o. Frequentou a p\u00f3s-gradua\u00e7\u00e3o &#8220;Type &amp; Media&#8221; na Academia Real de Belas Artes em Haia na Holanda e durante esse per\u00edodo colaborou com o est\u00fadio tipogr\u00e1fico Underware.<br \/>\nDesde 2004 vive e trabalha em Hels\u00ednquia e em 2005 apresentou uma comunica\u00e7\u00e3o na Atypi-Helsinki (confer\u00eancia da Associa\u00e7\u00e3o Internacional de Tipografia). Nesse mesmo ano publicou um tipo de letra (Kaas) na editora Village de Nova Iorque.<\/p>\n<\/div>\n<h3>Jorge dos Reis<\/h3>\n<div class=\"bio\">\n<p><img loading=\"lazy\" title=\"Jorge_cut\" src=\"http:\/\/doctiposportugues.com\/temp\/2012\/05\/Jorge_cut.jpg\" alt=\"\" width=\"96px\" height=\"118px\" \/><\/p>\n<p>Aprendiz tip\u00f3grafo com um primeiro oficial da imprensa nacional num antiga oficina de tipografia no Cais do Sodr\u00e9, Lisboa. Doutorado em Belas Artes &#8211; Design pela Universidade de Lisboa e Master em Comunica\u00e7\u00e3o e Arte pelo Royal College of Art. Mestre em Sociologia da Comunica\u00e7\u00e3o pelo ISCTE. Frequentou o \u201cTypography Workshop de Alan Kitching\u201d em Londres. Docente na Faculdade de Belas Artes da Universidade de Lisboa. Foi professor visitante da Gerrit Rietveld Academie de Amesterd\u00e3o, Norwich School of Art &amp; Design, Universidade de Liubliana, UdK &#8211; Universitat der Kunst Berlin, Wiesensee School of Art and Design, Universidade de Bolonha.<\/p>\n<\/div>\n<h3>Lu\u00eds Humberto Marcos<\/h3>\n<div class=\"bio\">\n<p><img loading=\"lazy\" title=\"Luis_cut\" src=\"http:\/\/doctiposportugues.com\/temp\/2012\/05\/Luis_cut.jpg\" alt=\"\" width=\"96px\" height=\"118px\" \/><\/p>\n<p>Lu\u00eds Humberto Marcos \u00e9 professor universit\u00e1rio e Diretor do Museu Nacional da Imprensa no Porto, cuja miss\u00e3o \u00e9 inventariar e recuperar o patrim\u00f3nio tipogr\u00e1fico e da imprensa do pa\u00eds, assim como promover atividades de dinamiza\u00e7\u00e3o cultural, numa perspetiva antropol\u00f3gica, educativa e tur\u00edstica.<\/p>\n<\/div>\n<h3>Marco Grieco<\/h3>\n<div class=\"bio\">\n<p><img loading=\"lazy\" title=\"marco_cut\" src=\"http:\/\/doctiposportugues.com\/temp\/2012\/05\/marco_cut.jpg\" alt=\"\" width=\"96px\" height=\"118px\" \/><\/p>\n<p>Marco Grieco tem forma\u00e7\u00e3o superior em design industrial e programa\u00e7\u00e3o visual e iniciou a sua carreira no jornal \u201cO Dia\u201d, Brasil. Foi Editor de Arte no di\u00e1rio portugu\u00eas \u201cJornal de Not\u00edcias\u201d e atualmente \u00e9 Diretor de Arte do jornal semanal \u201cExpresso\u201d. Ganhou v\u00e1rios pr\u00e9mios e reconhecimentos da SND (Society for News Design), da SND-E (Cap\u00edtulo Ib\u00e9rico) e do European Newspaper Awards. No \u201cExpresso\u201d, juntamente com a sua equipa, mereceu os galard\u00f5es de \u201cJornal Europeu com o Melhor Design\u201d (2007), \u201cJornal com o Melhor Design do Mundo\u201d, da SND, por duas vezes (2008\/2009) e \u201cJornal Ib\u00e9rico com o Melhor Design\u201d (2009).<\/p>\n<\/div>\n<h3>Margarida Ortig\u00e3o Ramos<\/h3>\n<div class=\"bio\">\n<p><img loading=\"lazy\" title=\"margarida_cut\" src=\"http:\/\/doctiposportugues.com\/temp\/2012\/05\/margarida_cut.jpg\" alt=\"\" width=\"96px\" height=\"118px\" \/><\/p>\n<p>Margarida Ortig\u00e3o Ramos \u00e9 a respons\u00e1vel do Arquivo Hist\u00f3rico \/ Biblioteca do Centro de Documenta\u00e7\u00e3o e Informa\u00e7\u00e3o da Imprensa Nacional Casa da Moeda (institui\u00e7\u00e3o respons\u00e1vel pela produ\u00e7\u00e3o de tipos de chumbo durante s\u00e9culos em Portugal).<\/p>\n<\/div>\n<h3>M\u00e1rio Feliciano<\/h3>\n<div class=\"bio\">\n<p><img loading=\"lazy\" title=\"mario_cut\" src=\"http:\/\/doctiposportugues.com\/temp\/2012\/05\/mario2_cut.jpg\" alt=\"\" width=\"96px\" height=\"118px\" \/><\/p>\n<p>M\u00e1rio Feliciano estudou design gr\u00e1fico no IADE. Em 2001 criou a Feliciano Type Foundry e come\u00e7ou a publicar os seus pr\u00f3prios desenhos de tipo e a projetar tipos de letra personalizados. Membro da ATypI desde 1997 foi o organizador local da confer\u00eancia anual em Lisboa em 2006. Tem proferido palestras em diversos eventos nacionais e internacionais. Os seus projetos incluem fontes exclusivas para o Banco Esp\u00edrito Santo, e para os jornais, o Expresso, El Pa\u00eds e Svenska Dagbaldet, sendo o seu projeto mais popular, Flama, usado por The Sunday Times, Politiken, Playboy e Newsweek, entre muitas outras publica\u00e7\u00f5es. \u00c9 membro da AGI &#8211; Alliance Graphique Internationale.<\/p>\n<\/div>\n<h3>Miguel Sousa<\/h3>\n<div class=\"bio\">\n<p><img loading=\"lazy\" title=\"miguel_cut\" src=\"http:\/\/doctiposportugues.com\/temp\/2012\/05\/miguel_cut.jpg\" alt=\"\" width=\"96px\" height=\"118px\" \/><\/p>\n<p>Miguel Sousa \u00e9 licenciado em Tecnologia e Artes Gr\u00e1ficas pelo Instituto Polit\u00e9cnico de Tomar e obteve o grau de Master of Arts em Typeface Design com distin\u00e7\u00e3o na University of Reading. Atualmente trabalha em S\u00e3o Jos\u00e9, Calif\u00f3rnia, no departamento de Type Development da Adobe systems. Toda a sua atividade como designer gr\u00e1fico se tem desenvolvido na \u00e1rea da tipografia e do design de tipos de letra.<\/p>\n<\/div>\n<h3>Ricardo Santos<\/h3>\n<div class=\"bio\">\n<p><img loading=\"lazy\" title=\"ricardo_cut\" src=\"http:\/\/doctiposportugues.com\/temp\/2012\/05\/ricardo_cut.jpg\" alt=\"\" width=\"96px\" height=\"118px\" \/><\/p>\n<p>Ricardo Santos estudou design gr\u00e1fico na escola Ant\u00f3nio Arroio, licenciou-se no IADE e obteve o grau de mestre em tipografia avan\u00e7ada na EINA em Barcelona. Come\u00e7ou a sua atividade profissional como ilustrador e designer. Mais tarde passou a dedicar-se ao typeface design e criou os tipos de letra Van Condensed, Atlantica, Lisboa Humanist, Lab Slab Pro e Tramuntana Pro. Atualmente \u00e9 designer de tipos e docente na Escola Superior de Artes e Design das Caldas da Rainha e no AR.CO em Lisboa.<\/p>\n<\/div>\n<h3>R\u00faben Dias<\/h3>\n<div class=\"bio\">\n<p><img loading=\"lazy\" title=\"Ruben_cut\" src=\"http:\/\/doctiposportugues.com\/temp\/2012\/05\/Ruben_cut.jpg\" alt=\"\" width=\"96px\" height=\"118px\" \/><\/p>\n<p>R\u00faben Dias investiga e escreve sobre a hist\u00f3ria da tipografia em Portugal, estando a desenvolver, pela FAUTL, o Doutoramento, sobre os tipos de letra da Impress\u00e3o R\u00e9gia.<br \/>\n\u00c9 docente de tipografia e design de tipos de letra na ESAD.CR e ESTAL e participa regularmente em confer\u00eancias e workshops de tipografia e desenho de tipos, nomeadamente na oficina\/workshop de tipografia de caracteres m\u00f3veis no AR.CO.<br \/>\nTrabalha como designer gr\u00e1fico, desenha de tipos de letra e tem vindo a desenvolver uma oficina de caracteres m\u00f3veis de madeira e chumbo. Funda em 2003 o atelier Item Zero.<\/p>\n<\/div>\n<h3>Rui Abreu<\/h3>\n<div class=\"bio\">\n<p><img loading=\"lazy\" title=\"rui_cut\" src=\"http:\/\/doctiposportugues.com\/temp\/2012\/05\/rui_cut.jpg\" alt=\"\" width=\"96px\" height=\"118px\" \/><\/p>\n<p>Rui Abreu estudou design de comunica\u00e7\u00e3o na Faculdade de Belas Artes do Porto, tendo-se licenciado em 2003. Enquanto estudante fez as primeiras tentativas de desenho tipogr\u00e1fico, tendo lan\u00e7ado o seu primeiro tipo em 2006.<br \/>\nEm 2008 lan\u00e7ou o site r-typography.com, uma mostra seleccionada do seu trabalho tipogr\u00e1fico. Desde 2009, Rui Abreu tem publicado os seus principais tipos pela foundry Sueca Fountain, incluindo os premiados Orbe e Aria.<\/p>\n<\/div>\n","protected":false},"excerpt":{"rendered":"<p>O DocTipos \u00e9 um document\u00e1rio que tem como objetivo retratar, sem se assumir como um relato hist\u00f3rico, a [&hellip;]<\/p>\n","protected":false},"author":1,"featured_media":0,"parent":0,"menu_order":2,"comment_status":"closed","ping_status":"closed","template":"","meta":[],"_links":{"self":[{"href":"https:\/\/doctiposportugues.com\/index.php?rest_route=\/wp\/v2\/pages\/5"}],"collection":[{"href":"https:\/\/doctiposportugues.com\/index.php?rest_route=\/wp\/v2\/pages"}],"about":[{"href":"https:\/\/doctiposportugues.com\/index.php?rest_route=\/wp\/v2\/types\/page"}],"author":[{"embeddable":true,"href":"https:\/\/doctiposportugues.com\/index.php?rest_route=\/wp\/v2\/users\/1"}],"replies":[{"embeddable":true,"href":"https:\/\/doctiposportugues.com\/index.php?rest_route=%2Fwp%2Fv2%2Fcomments&post=5"}],"version-history":[{"count":340,"href":"https:\/\/doctiposportugues.com\/index.php?rest_route=\/wp\/v2\/pages\/5\/revisions"}],"predecessor-version":[{"id":1674,"href":"https:\/\/doctiposportugues.com\/index.php?rest_route=\/wp\/v2\/pages\/5\/revisions\/1674"}],"wp:attachment":[{"href":"https:\/\/doctiposportugues.com\/index.php?rest_route=%2Fwp%2Fv2%2Fmedia&parent=5"}],"curies":[{"name":"wp","href":"https:\/\/api.w.org\/{rel}","templated":true}]}}